{"id":91,"date":"2023-11-13T11:14:19","date_gmt":"2023-11-13T11:14:19","guid":{"rendered":"https:\/\/centrosanrafaelandujar.com\/?page_id=91"},"modified":"2024-06-14T07:54:12","modified_gmt":"2024-06-14T07:54:12","slug":"contacto","status":"publish","type":"page","link":"https:\/\/centrosanrafaelandujar.com\/en\/contacto\/","title":{"rendered":"Contacto"},"content":{"rendered":"<p>[et_pb_section fb_built=\u00bb1&#8243; admin_label=\u00bbHeader &#038; Contact Info\u00bb _builder_version=\u00bb4.22.0&#8243; _module_preset=\u00bbdefault\u00bb collapsed=\u00bbon\u00bb global_colors_info=\u00bb{}\u00bb][et_pb_row column_structure=\u00bb1_2,1_2&#8243; _builder_version=\u00bb4.22.0&#8243; _module_preset=\u00bbdefault\u00bb global_colors_info=\u00bb{}\u00bb][et_pb_column type=\u00bb1_2&#8243; _builder_version=\u00bb4.22.0&#8243; _module_preset=\u00bbdefault\u00bb global_colors_info=\u00bb{}\u00bb][et_pb_text _builder_version=\u00bb4.22.0&#8243; _module_preset=\u00bb1f918c6b-6d81-40ef-a989-5ff4797fd1db\u00bb global_colors_info=\u00bb{}\u00bb]<\/p>\n<h1>Contacto<\/h1>\n<p>[\/et_pb_text][et_pb_blurb title=\u00bbTel\u00e9fono:\u00bb use_icon=\u00bbon\u00bb font_icon=\u00bb&#xe090;||divi||400&#8243; _builder_version=\u00bb4.23.1&#8243; _module_preset=\u00bbd0ad5311-7547-48a4-858b-6fa5358f7e89&#8243; body_link_text_color=\u00bbgcid-81367860-ebe3-4b2c-9073-7bf97634525b\u00bb hover_enabled=\u00bb0&#8243; locked=\u00bboff\u00bb global_colors_info=\u00bb{%22gcid-81367860-ebe3-4b2c-9073-7bf97634525b%22:%91%22body_link_text_color%22%93}\u00bb sticky_enabled=\u00bb0&#8243;]<\/p>\n<p>953 507 913<br \/>608 06 28 30<\/p>\n<p>[\/et_pb_blurb][et_pb_blurb title=\u00bbEmail:\u00bb use_icon=\u00bbon\u00bb font_icon=\u00bb&#xe076;||divi||400&#8243; _builder_version=\u00bb4.23.1&#8243; _module_preset=\u00bbd0ad5311-7547-48a4-858b-6fa5358f7e89&#8243; body_link_text_color=\u00bbgcid-81367860-ebe3-4b2c-9073-7bf97634525b\u00bb hover_enabled=\u00bb0&#8243; locked=\u00bboff\u00bb global_colors_info=\u00bb{%22gcid-81367860-ebe3-4b2c-9073-7bf97634525b%22:%91%22body_link_text_color%22%93}\u00bb sticky_enabled=\u00bb0&#8243;]<\/p>\n<p><span data-contrast=\"auto\" xml:lang=\"ES-ES\" lang=\"ES-ES\" class=\"TextRun SCXW159261763 BCX8\"><span class=\"NormalTextRun SCXW159261763 BCX8\">centrohogarsanrafael@gmail.com<\/span><\/span><\/p>\n<p>[\/et_pb_blurb][et_pb_blurb title=\u00bbDirecci\u00f3n:\u00bb use_icon=\u00bbon\u00bb font_icon=\u00bb&#xe081;||divi||400&#8243; _builder_version=\u00bb4.23.1&#8243; _module_preset=\u00bbd0ad5311-7547-48a4-858b-6fa5358f7e89&#8243; body_link_text_color=\u00bbgcid-81367860-ebe3-4b2c-9073-7bf97634525b\u00bb locked=\u00bboff\u00bb global_colors_info=\u00bb{%22gcid-81367860-ebe3-4b2c-9073-7bf97634525b%22:%91%22body_link_text_color%22%93}\u00bb]<\/p>\n<p>C\/ Los Civiles, 5 &#8211; 23740 And\u00fajar, Ja\u00e9n<\/p>\n<p>[\/et_pb_blurb][\/et_pb_column][et_pb_column type=\u00bb1_2&#8243; _builder_version=\u00bb4.22.0&#8243; _module_preset=\u00bbdefault\u00bb global_colors_info=\u00bb{}\u00bb][et_pb_contact_form captcha=\u00bboff\u00bb email=\u00bbinfo@centrosanrafaelandujar.com\u00bb custom_message=\u00bbHola, ha recibido un nuevo mensaje del formulario web con los siguientes datos:||et_pb_line_break_holder||||et_pb_line_break_holder||Nombre: %%Nombre%%||et_pb_line_break_holder||||et_pb_line_break_holder||Email: %%Email%%||et_pb_line_break_holder||||et_pb_line_break_holder||Mensaje: %%Mensaje%%||et_pb_line_break_holder||||et_pb_line_break_holder||Eso es todo.\u00bb success_message=\u00bbGracias por contactar con nosotros,en breve responderemos su solicitud\u00bb _builder_version=\u00bb4.23.1&#8243; _module_preset=\u00bb0789e5a3-a9c8-4924-a26d-0d44d031b183&#8243; locked=\u00bboff\u00bb global_colors_info=\u00bb{%22gcid-21f39c30-514a-41a8-ae0a-6cf144b81c75%22:%91%22arrows_custom_color%22,%22dot_nav_custom_color%22%93}\u00bb][et_pb_contact_field field_id=\u00bbNombre\u00bb field_title=\u00bbNombre\u00bb fullwidth_field=\u00bbon\u00bb _builder_version=\u00bb4.23.1&#8243; _module_preset=\u00bbdefault\u00bb global_colors_info=\u00bb{}\u00bb button_text_size__hover_enabled=\u00bboff\u00bb button_one_text_size__hover_enabled=\u00bboff\u00bb button_two_text_size__hover_enabled=\u00bboff\u00bb button_text_color__hover_enabled=\u00bboff\u00bb button_one_text_color__hover_enabled=\u00bboff\u00bb button_two_text_color__hover_enabled=\u00bboff\u00bb button_border_width__hover_enabled=\u00bboff\u00bb button_one_border_width__hover_enabled=\u00bboff\u00bb button_two_border_width__hover_enabled=\u00bboff\u00bb button_border_color__hover_enabled=\u00bboff\u00bb button_one_border_color__hover_enabled=\u00bboff\u00bb button_two_border_color__hover_enabled=\u00bboff\u00bb button_border_radius__hover_enabled=\u00bboff\u00bb button_one_border_radius__hover_enabled=\u00bboff\u00bb button_two_border_radius__hover_enabled=\u00bboff\u00bb button_letter_spacing__hover_enabled=\u00bboff\u00bb button_one_letter_spacing__hover_enabled=\u00bboff\u00bb button_two_letter_spacing__hover_enabled=\u00bboff\u00bb button_bg_color__hover_enabled=\u00bboff\u00bb button_one_bg_color__hover_enabled=\u00bboff\u00bb button_two_bg_color__hover_enabled=\u00bboff\u00bb][\/et_pb_contact_field][et_pb_contact_field field_id=\u00bbEmail\u00bb field_title=\u00bbEmail\u00bb field_type=\u00bbemail\u00bb fullwidth_field=\u00bbon\u00bb _builder_version=\u00bb4.23.1&#8243; _module_preset=\u00bbdefault\u00bb global_colors_info=\u00bb{}\u00bb button_text_size__hover_enabled=\u00bboff\u00bb button_one_text_size__hover_enabled=\u00bboff\u00bb button_two_text_size__hover_enabled=\u00bboff\u00bb button_text_color__hover_enabled=\u00bboff\u00bb button_one_text_color__hover_enabled=\u00bboff\u00bb button_two_text_color__hover_enabled=\u00bboff\u00bb button_border_width__hover_enabled=\u00bboff\u00bb button_one_border_width__hover_enabled=\u00bboff\u00bb button_two_border_width__hover_enabled=\u00bboff\u00bb button_border_color__hover_enabled=\u00bboff\u00bb button_one_border_color__hover_enabled=\u00bboff\u00bb button_two_border_color__hover_enabled=\u00bboff\u00bb button_border_radius__hover_enabled=\u00bboff\u00bb button_one_border_radius__hover_enabled=\u00bboff\u00bb button_two_border_radius__hover_enabled=\u00bboff\u00bb button_letter_spacing__hover_enabled=\u00bboff\u00bb button_one_letter_spacing__hover_enabled=\u00bboff\u00bb button_two_letter_spacing__hover_enabled=\u00bboff\u00bb button_bg_color__hover_enabled=\u00bboff\u00bb button_one_bg_color__hover_enabled=\u00bboff\u00bb button_two_bg_color__hover_enabled=\u00bboff\u00bb][\/et_pb_contact_field][et_pb_contact_field field_id=\u00bbMensaje\u00bb field_title=\u00bbMensaje\u00bb field_type=\u00bbtext\u00bb fullwidth_field=\u00bbon\u00bb _builder_version=\u00bb4.23.1&#8243; _module_preset=\u00bbdefault\u00bb global_colors_info=\u00bb{}\u00bb button_text_size__hover_enabled=\u00bboff\u00bb button_one_text_size__hover_enabled=\u00bboff\u00bb button_two_text_size__hover_enabled=\u00bboff\u00bb button_text_color__hover_enabled=\u00bboff\u00bb button_one_text_color__hover_enabled=\u00bboff\u00bb button_two_text_color__hover_enabled=\u00bboff\u00bb button_border_width__hover_enabled=\u00bboff\u00bb button_one_border_width__hover_enabled=\u00bboff\u00bb button_two_border_width__hover_enabled=\u00bboff\u00bb button_border_color__hover_enabled=\u00bboff\u00bb button_one_border_color__hover_enabled=\u00bboff\u00bb button_two_border_color__hover_enabled=\u00bboff\u00bb button_border_radius__hover_enabled=\u00bboff\u00bb button_one_border_radius__hover_enabled=\u00bboff\u00bb button_two_border_radius__hover_enabled=\u00bboff\u00bb button_letter_spacing__hover_enabled=\u00bboff\u00bb button_one_letter_spacing__hover_enabled=\u00bboff\u00bb button_two_letter_spacing__hover_enabled=\u00bboff\u00bb button_bg_color__hover_enabled=\u00bboff\u00bb button_one_bg_color__hover_enabled=\u00bboff\u00bb button_two_bg_color__hover_enabled=\u00bboff\u00bb][\/et_pb_contact_field][\/et_pb_contact_form][\/et_pb_column][\/et_pb_row][\/et_pb_section][et_pb_section fb_built=\u00bb1&#8243; _builder_version=\u00bb4.23.1&#8243; _module_preset=\u00bbdefault\u00bb global_colors_info=\u00bb{}\u00bb][et_pb_row _builder_version=\u00bb4.23.1&#8243; _module_preset=\u00bbdefault\u00bb global_colors_info=\u00bb{}\u00bb][et_pb_column type=\u00bb4_4&#8243; _builder_version=\u00bb4.23.1&#8243; _module_preset=\u00bbdefault\u00bb global_colors_info=\u00bb{}\u00bb][et_pb_code _builder_version=\u00bb4.23.1&#8243; _module_preset=\u00bbdefault\u00bb global_colors_info=\u00bb{}\u00bb]<iframe src=\"https:\/\/www.google.com\/maps\/embed?pb=!1m18!1m12!1m3!1d201461.86559954894!2d-4.080215049532719!3d37.9107637934213!2m3!1f0!2f0!3f0!3m2!1i1024!2i768!4f13.1!3m3!1m2!1s0xd6c37cbbc5a4c4d%3A0x66032132f519fa1b!2sCentro%20Privado%20de%20Educaci%C3%B3n%20Infantil%20San%20Rafael%20y%20San%20Jos%C3%A9%20de%20la%20Monta%C3%B1a!5e0!3m2!1ses!2ses!4v1699874107541!5m2!1ses!2ses\" width=\"100%\" height=\"450\" style=\"border:0;\" allowfullscreen=\"\" loading=\"lazy\" referrerpolicy=\"no-referrer-when-downgrade\"><\/iframe>[\/et_pb_code][\/et_pb_column][\/et_pb_row][\/et_pb_section][et_pb_section fb_built=\u00bb1&#8243; admin_label=\u00bbFooter CTA\u00bb _builder_version=\u00bb4.22.0&#8243; _module_preset=\u00bbdefault\u00bb custom_padding=\u00bb||0px||false|false\u00bb bottom_divider_style=\u00bbcurve\u00bb bottom_divider_color=\u00bbgcid-177a5697-02fd-46ba-bfa9-5a099a3378ae\u00bb bottom_divider_flip=\u00bbvertical\u00bb saved_tabs=\u00bball\u00bb collapsed=\u00bbon\u00bb global_colors_info=\u00bb{%22gcid-177a5697-02fd-46ba-bfa9-5a099a3378ae%22:%91%22bottom_divider_color%22%93}\u00bb][et_pb_row custom_padding_last_edited=\u00bbon|tablet\u00bb _builder_version=\u00bb4.22.0&#8243; _module_preset=\u00bbdefault\u00bb background_color=\u00bbgcid-46e54cc2-2550-449e-a151-e85c3a835795&#8243; custom_padding=\u00bb60px|60px|60px|60px|true|true\u00bb custom_padding_tablet=\u00bb|30px||30px|true|true\u00bb custom_padding_phone=\u00bb30px|20px|30px|20px|true|true\u00bb border_radii=\u00bbon|20px|20px|20px|20px\u00bb global_colors_info=\u00bb{%22gcid-46e54cc2-2550-449e-a151-e85c3a835795%22:%91%22background_color%22%93}\u00bb][et_pb_column type=\u00bb4_4&#8243; _builder_version=\u00bb4.22.0&#8243; _module_preset=\u00bbdefault\u00bb global_colors_info=\u00bb{}\u00bb][et_pb_text _builder_version=\u00bb4.22.0&#8243; _module_preset=\u00bb308818ff-5168-44ef-b8e2-ddfc6ff639dd\u00bb text_orientation=\u00bbcenter\u00bb max_width=\u00bb700px\u00bb module_alignment=\u00bbcenter\u00bb global_colors_info=\u00bb{}\u00bb]<\/p>\n<h3>\u00a1Es el momento de unirse a nuestra comunidad! Durante el per\u00edodo de admisi\u00f3n y ayudas para el a\u00f1o 2023-24, del 1 de abril al 2 de mayo, te invitamos a reservar tu plaza en San Rafael.<\/h3>\n<p>[\/et_pb_text][\/et_pb_column][\/et_pb_row][\/et_pb_section]<\/p>","protected":false},"excerpt":{"rendered":"<p>Contacto953 507 913608 06 28 30centrohogarsanrafael@gmail.comC\/ Los Civiles, 5 &#8211; 23740 And\u00fajar, Ja\u00e9n\u00a1Es el momento de unirse a nuestra comunidad! Durante el per\u00edodo de admisi\u00f3n y ayudas para el a\u00f1o 2023-24, del 1 de abril al 2 de mayo, te invitamos a reservar tu plaza en San Rafael.<\/p>","protected":false},"author":1,"featured_media":0,"parent":0,"menu_order":0,"comment_status":"closed","ping_status":"closed","template":"","meta":{"_et_pb_use_builder":"on","_et_pb_old_content":"","_et_gb_content_width":"","om_disable_all_campaigns":false,"_monsterinsights_skip_tracking":false,"_monsterinsights_sitenote_active":false,"_monsterinsights_sitenote_note":"","_monsterinsights_sitenote_category":0,"_uf_show_specific_survey":0,"_uf_disable_surveys":false,"footnotes":""},"class_list":["post-91","page","type-page","status-publish","hentry"],"yoast_head":"<!-- This site is optimized with the Yoast SEO plugin v21.5 - https:\/\/yoast.com\/wordpress\/plugins\/seo\/ -->\n<title>Contacto - HOGAR NI\u00d1AS DE S. RAFAEL Y S. JOS\u00c9 DE LA MONTA\u00d1A<\/title>\n<meta name=\"robots\" content=\"index, follow, max-snippet:-1, max-image-preview:large, max-video-preview:-1\" \/>\n<link rel=\"canonical\" href=\"https:\/\/centrosanrafaelandujar.com\/en\/contacto\/\" \/>\n<meta property=\"og:locale\" content=\"en_GB\" \/>\n<meta property=\"og:type\" content=\"article\" \/>\n<meta property=\"og:title\" content=\"Contacto - HOGAR NI\u00d1AS DE S. RAFAEL Y S. JOS\u00c9 DE LA MONTA\u00d1A\" \/>\n<meta property=\"og:description\" content=\"Contacto953 507 913608 06 28 30centrohogarsanrafael@gmail.comC\/ Los Civiles, 5 - 23740 And\u00fajar, Ja\u00e9n\u00a1Es el momento de unirse a nuestra comunidad! Durante el per\u00edodo de admisi\u00f3n y ayudas para el a\u00f1o 2023-24, del 1 de abril al 2 de mayo, te invitamos a reservar tu plaza en San Rafael.\" \/>\n<meta property=\"og:url\" content=\"https:\/\/centrosanrafaelandujar.com\/en\/contacto\/\" \/>\n<meta property=\"og:site_name\" content=\"HOGAR NI\u00d1AS DE S. RAFAEL Y S. JOS\u00c9 DE LA MONTA\u00d1A\" \/>\n<meta property=\"article:modified_time\" content=\"2024-06-14T07:54:12+00:00\" \/>\n<meta name=\"twitter:card\" content=\"summary_large_image\" \/>\n<meta name=\"twitter:label1\" content=\"Estimated reading time\" \/>\n\t<meta name=\"twitter:data1\" content=\"6 minutes\" \/>\n<script type=\"application\/ld+json\" class=\"yoast-schema-graph\">{\"@context\":\"https:\/\/schema.org\",\"@graph\":[{\"@type\":\"WebPage\",\"@id\":\"https:\/\/centrosanrafaelandujar.com\/contacto\/\",\"url\":\"https:\/\/centrosanrafaelandujar.com\/contacto\/\",\"name\":\"Contacto - HOGAR NI\u00d1AS DE S. RAFAEL Y S. JOS\u00c9 DE LA MONTA\u00d1A\",\"isPartOf\":{\"@id\":\"https:\/\/centrosanrafaelandujar.com\/#website\"},\"datePublished\":\"2023-11-13T11:14:19+00:00\",\"dateModified\":\"2024-06-14T07:54:12+00:00\",\"breadcrumb\":{\"@id\":\"https:\/\/centrosanrafaelandujar.com\/contacto\/#breadcrumb\"},\"inLanguage\":\"en-GB\",\"potentialAction\":[{\"@type\":\"ReadAction\",\"target\":[\"https:\/\/centrosanrafaelandujar.com\/contacto\/\"]}]},{\"@type\":\"BreadcrumbList\",\"@id\":\"https:\/\/centrosanrafaelandujar.com\/contacto\/#breadcrumb\",\"itemListElement\":[{\"@type\":\"ListItem\",\"position\":1,\"name\":\"Portada\",\"item\":\"https:\/\/centrosanrafaelandujar.com\/\"},{\"@type\":\"ListItem\",\"position\":2,\"name\":\"Contacto\"}]},{\"@type\":\"WebSite\",\"@id\":\"https:\/\/centrosanrafaelandujar.com\/#website\",\"url\":\"https:\/\/centrosanrafaelandujar.com\/\",\"name\":\"HOGAR NI\u00d1AS DE S. RAFAEL Y S. JOS\u00c9 DE LA MONTA\u00d1A\",\"description\":\"\",\"potentialAction\":[{\"@type\":\"SearchAction\",\"target\":{\"@type\":\"EntryPoint\",\"urlTemplate\":\"https:\/\/centrosanrafaelandujar.com\/?s={search_term_string}\"},\"query-input\":\"required name=search_term_string\"}],\"inLanguage\":\"en-GB\"}]}<\/script>\n<!-- \/ Yoast SEO plugin. -->","yoast_head_json":{"title":"Contacto - HOGAR NI\u00d1AS DE S. RAFAEL Y S. JOS\u00c9 DE LA MONTA\u00d1A","robots":{"index":"index","follow":"follow","max-snippet":"max-snippet:-1","max-image-preview":"max-image-preview:large","max-video-preview":"max-video-preview:-1"},"canonical":"https:\/\/centrosanrafaelandujar.com\/en\/contacto\/","og_locale":"en_GB","og_type":"article","og_title":"Contacto - HOGAR NI\u00d1AS DE S. RAFAEL Y S. JOS\u00c9 DE LA MONTA\u00d1A","og_description":"Contacto953 507 913608 06 28 30centrohogarsanrafael@gmail.comC\/ Los Civiles, 5 - 23740 And\u00fajar, Ja\u00e9n\u00a1Es el momento de unirse a nuestra comunidad! Durante el per\u00edodo de admisi\u00f3n y ayudas para el a\u00f1o 2023-24, del 1 de abril al 2 de mayo, te invitamos a reservar tu plaza en San Rafael.","og_url":"https:\/\/centrosanrafaelandujar.com\/en\/contacto\/","og_site_name":"HOGAR NI\u00d1AS DE S. RAFAEL Y S. JOS\u00c9 DE LA MONTA\u00d1A","article_modified_time":"2024-06-14T07:54:12+00:00","twitter_card":"summary_large_image","twitter_misc":{"Estimated reading time":"6 minutes"},"schema":{"@context":"https:\/\/schema.org","@graph":[{"@type":"WebPage","@id":"https:\/\/centrosanrafaelandujar.com\/contacto\/","url":"https:\/\/centrosanrafaelandujar.com\/contacto\/","name":"Contacto - HOGAR NI\u00d1AS DE S. RAFAEL Y S. JOS\u00c9 DE LA MONTA\u00d1A","isPartOf":{"@id":"https:\/\/centrosanrafaelandujar.com\/#website"},"datePublished":"2023-11-13T11:14:19+00:00","dateModified":"2024-06-14T07:54:12+00:00","breadcrumb":{"@id":"https:\/\/centrosanrafaelandujar.com\/contacto\/#breadcrumb"},"inLanguage":"en-GB","potentialAction":[{"@type":"ReadAction","target":["https:\/\/centrosanrafaelandujar.com\/contacto\/"]}]},{"@type":"BreadcrumbList","@id":"https:\/\/centrosanrafaelandujar.com\/contacto\/#breadcrumb","itemListElement":[{"@type":"ListItem","position":1,"name":"Portada","item":"https:\/\/centrosanrafaelandujar.com\/"},{"@type":"ListItem","position":2,"name":"Contacto"}]},{"@type":"WebSite","@id":"https:\/\/centrosanrafaelandujar.com\/#website","url":"https:\/\/centrosanrafaelandujar.com\/","name":"HOGAR NI\u00d1AS DE S. RAFAEL Y S. JOS\u00c9 DE LA MONTA\u00d1A","description":"","potentialAction":[{"@type":"SearchAction","target":{"@type":"EntryPoint","urlTemplate":"https:\/\/centrosanrafaelandujar.com\/?s={search_term_string}"},"query-input":"required name=search_term_string"}],"inLanguage":"en-GB"}]}},"_links":{"self":[{"href":"https:\/\/centrosanrafaelandujar.com\/en\/wp-json\/wp\/v2\/pages\/91","targetHints":{"allow":["GET"]}}],"collection":[{"href":"https:\/\/centrosanrafaelandujar.com\/en\/wp-json\/wp\/v2\/pages"}],"about":[{"href":"https:\/\/centrosanrafaelandujar.com\/en\/wp-json\/wp\/v2\/types\/page"}],"author":[{"embeddable":true,"href":"https:\/\/centrosanrafaelandujar.com\/en\/wp-json\/wp\/v2\/users\/1"}],"replies":[{"embeddable":true,"href":"https:\/\/centrosanrafaelandujar.com\/en\/wp-json\/wp\/v2\/comments?post=91"}],"version-history":[{"count":4,"href":"https:\/\/centrosanrafaelandujar.com\/en\/wp-json\/wp\/v2\/pages\/91\/revisions"}],"predecessor-version":[{"id":216,"href":"https:\/\/centrosanrafaelandujar.com\/en\/wp-json\/wp\/v2\/pages\/91\/revisions\/216"}],"wp:attachment":[{"href":"https:\/\/centrosanrafaelandujar.com\/en\/wp-json\/wp\/v2\/media?parent=91"}],"curies":[{"name":"wp","href":"https:\/\/api.w.org\/{rel}","templated":true}]}}