{"id":41,"date":"2023-11-13T10:23:06","date_gmt":"2023-11-13T10:23:06","guid":{"rendered":"https:\/\/centrosanrafaelandujar.com\/?page_id=41"},"modified":"2024-06-13T11:06:45","modified_gmt":"2024-06-13T11:06:45","slug":"congregacion","status":"publish","type":"page","link":"https:\/\/centrosanrafaelandujar.com\/en\/congregacion\/","title":{"rendered":"Congregaci\u00f3n"},"content":{"rendered":"<p>[et_pb_section fb_built=\u00bb1&#8243; admin_label=\u00bbCall to Action\u00bb _builder_version=\u00bb4.22.0&#8243; _module_preset=\u00bbdefault\u00bb saved_tabs=\u00bball\u00bb locked=\u00bboff\u00bb collapsed=\u00bbon\u00bb global_colors_info=\u00bb{}\u00bb][et_pb_row column_structure=\u00bb1_2,1_2&#8243; _builder_version=\u00bb4.22.0&#8243; _module_preset=\u00bbdefault\u00bb background_color=\u00bbgcid-34807b40-f97e-428a-90f8-6d5ad2ecd8cd\u00bb overflow-x=\u00bbvisible\u00bb overflow-y=\u00bbvisible\u00bb custom_padding=\u00bb30px|30px|30px|30px|true|true\u00bb border_radii=\u00bbon|20px|20px|20px|20px\u00bb global_colors_info=\u00bb{%22gcid-34807b40-f97e-428a-90f8-6d5ad2ecd8cd%22:%91%22background_color%22%93}\u00bb][et_pb_column type=\u00bb1_2&#8243; _builder_version=\u00bb4.22.0&#8243; _module_preset=\u00bbdefault\u00bb overflow-x=\u00bbhidden\u00bb overflow-y=\u00bbhidden\u00bb global_colors_info=\u00bb{}\u00bb][et_pb_image src=\u00bbhttps:\/\/centrosanrafaelandujar.com\/wp-content\/uploads\/2023\/11\/IMG_3518-scaled.jpg\u00bb title_text=\u00bbIMG_3518&#8243; show_bottom_space=\u00bboff\u00bb _builder_version=\u00bb4.23.1&#8243; _module_preset=\u00bbdefault\u00bb border_radii=\u00bbon|20px|20px|20px|20px\u00bb global_colors_info=\u00bb{}\u00bb][\/et_pb_image][et_pb_image src=\u00bbhttps:\/\/centrosanrafaelandujar.com\/wp-content\/uploads\/2023\/11\/senior-care-25.png\u00bb title_text=\u00bbsenior-care-25&#8243; _builder_version=\u00bb4.22.0&#8243; _module_preset=\u00bbdefault\u00bb transform_translate=\u00bb20%|10%\u00bb transform_translate_linked=\u00bboff\u00bb positioning=\u00bbabsolute\u00bb position_origin_a=\u00bbbottom_right\u00bb width=\u00bb90%\u00bb global_colors_info=\u00bb{}\u00bb][\/et_pb_image][\/et_pb_column][et_pb_column type=\u00bb1_2&#8243; _builder_version=\u00bb4.22.0&#8243; _module_preset=\u00bbdefault\u00bb custom_padding=\u00bb60px||60px||true|false\u00bb custom_padding_tablet=\u00bb0px||0px||true|false\u00bb custom_padding_phone=\u00bb0px||0px||true|false\u00bb custom_padding_last_edited=\u00bbon|tablet\u00bb global_colors_info=\u00bb{}\u00bb][et_pb_text _builder_version=\u00bb4.22.0&#8243; _module_preset=\u00bb4bb0a760-9f2f-46e9-b5c7-be7909bb9994&#8243; custom_margin=\u00bb||10px||false|false\u00bb global_colors_info=\u00bb{}\u00bb]<\/p>\n<h2>Nuestra congregaci\u00f3n<\/h2>\n<p>[\/et_pb_text][et_pb_text _builder_version=\u00bb4.22.0&#8243; _module_preset=\u00bbcd56507f-3b14-4f7b-9e26-4266b147f0fc\u00bb global_colors_info=\u00bb{}\u00bb]<\/p>\n<p>San Rafael es parte activa de la Congregaci\u00f3n de Madres de Desamparados y San Jos\u00e9 de la Monta\u00f1a, una comunidad comprometida con la protecci\u00f3n y la educaci\u00f3n de aquellos que m\u00e1s lo necesitan. Inspirados por la visi\u00f3n de Madre Petra, \u00abque no se pierda ninguno de estos peque\u00f1os\u00bb (Mt.18, 14), seguimos su legado de amor, dedicaci\u00f3n y servicio a los desamparados.<\/p>\n<p>[\/et_pb_text][\/et_pb_column][\/et_pb_row][\/et_pb_section][et_pb_section fb_built=\u00bb1&#8243; admin_label=\u00bbHow We Work\u00bb _builder_version=\u00bb4.22.0&#8243; _module_preset=\u00bbdefault\u00bb collapsed=\u00bbon\u00bb global_colors_info=\u00bb{}\u00bb][et_pb_row _builder_version=\u00bb4.22.0&#8243; _module_preset=\u00bbdefault\u00bb global_colors_info=\u00bb{}\u00bb][et_pb_column type=\u00bb4_4&#8243; _builder_version=\u00bb4.22.0&#8243; _module_preset=\u00bbdefault\u00bb global_colors_info=\u00bb{}\u00bb][et_pb_text _builder_version=\u00bb4.22.0&#8243; _module_preset=\u00bb106b4fae-c84b-4d8a-811e-3792be3bf776&#8243; text_orientation=\u00bbcenter\u00bb custom_margin=\u00bb||10px||false|false\u00bb locked=\u00bboff\u00bb global_colors_info=\u00bb{}\u00bb]<\/p>\n<h1>Nuestra Inspiraci\u00f3n<\/h1>\n<p>[\/et_pb_text][\/et_pb_column][\/et_pb_row][et_pb_row column_structure=\u00bb1_3,1_3,1_3&#8243; make_equal=\u00bbon\u00bb custom_padding_last_edited=\u00bbon|desktop\u00bb _builder_version=\u00bb4.23.1&#8243; _module_preset=\u00bbdefault\u00bb custom_padding_tablet=\u00bb||0px||false|false\u00bb custom_padding_phone=\u00bb||0px||false|false\u00bb hover_enabled=\u00bb0&#8243; locked=\u00bboff\u00bb global_colors_info=\u00bb{}\u00bb sticky_enabled=\u00bb0&#8243;][et_pb_column type=\u00bb1_3&#8243; _builder_version=\u00bb4.23.1&#8243; _module_preset=\u00bbdefault\u00bb background_color=\u00bbgcid-34807b40-f97e-428a-90f8-6d5ad2ecd8cd\u00bb custom_padding=\u00bb30px|30px|30px|30px|true|true\u00bb custom_padding_tablet=\u00bb30px|30px|30px|30px|true|true\u00bb custom_padding_phone=\u00bb20px|20px|20px|20px|true|true\u00bb custom_padding_last_edited=\u00bbon|tablet\u00bb hover_enabled=\u00bb0&#8243; border_radii=\u00bbon|20px|20px|20px|20px\u00bb global_colors_info=\u00bb{%22gcid-34807b40-f97e-428a-90f8-6d5ad2ecd8cd%22:%91%22background_color%22%93}\u00bb title_text=\u00bb11 V. DESAMPARADOS 1&#8243; background_enable_image=\u00bboff\u00bb sticky_enabled=\u00bb0&#8243;][et_pb_text _builder_version=\u00bb4.22.0&#8243; _module_preset=\u00bb4737c763-1a08-4fe6-8075-edb99a0e0ce0&#8243; custom_margin=\u00bb||10px||false|false\u00bb global_colors_info=\u00bb{}\u00bb]<\/p>\n<h3>Madre Petra<\/h3>\n<p>[\/et_pb_text][et_pb_text _builder_version=\u00bb4.22.0&#8243; _module_preset=\u00bb8b2e38c0-33f9-4c56-be56-54a8d6e8ce45&#8243; hover_enabled=\u00bb0&#8243; global_colors_info=\u00bb{}\u00bb sticky_enabled=\u00bb0&#8243;]<\/p>\n<p>Nuestra fundadora nos gu\u00eda con su voluntad inquebrantable de proteger y educar a los m\u00e1s vulnerables, estableciendo los cimientos de nuestra labor diaria.<\/p>\n<p>[\/et_pb_text][et_pb_image src=\u00bbhttps:\/\/centrosanrafaelandujar.com\/wp-content\/uploads\/2024\/06\/12-MADRE-PETRA.jpeg\u00bb _builder_version=\u00bb4.23.1&#8243; _module_preset=\u00bbdefault\u00bb title_text=\u00bb12 MADRE PETRA\u00bb hover_enabled=\u00bb0&#8243; sticky_enabled=\u00bb0&#8243;][\/et_pb_image][\/et_pb_column][et_pb_column type=\u00bb1_3&#8243; _builder_version=\u00bb4.22.0&#8243; _module_preset=\u00bbdefault\u00bb background_color=\u00bbgcid-34807b40-f97e-428a-90f8-6d5ad2ecd8cd\u00bb custom_padding=\u00bb30px|30px|30px|30px|true|true\u00bb custom_padding_tablet=\u00bb30px|30px|30px|30px|true|true\u00bb custom_padding_phone=\u00bb20px|20px|20px|20px|true|true\u00bb custom_padding_last_edited=\u00bbon|tablet\u00bb border_radii=\u00bbon|20px|20px|20px|20px\u00bb global_colors_info=\u00bb{%22gcid-34807b40-f97e-428a-90f8-6d5ad2ecd8cd%22:%91%22background_color%22%93}\u00bb][et_pb_text _builder_version=\u00bb4.22.0&#8243; _module_preset=\u00bb4737c763-1a08-4fe6-8075-edb99a0e0ce0&#8243; custom_margin=\u00bb||10px||false|false\u00bb global_colors_info=\u00bb{}\u00bb]<\/p>\n<h3>San Jos\u00e9 de la Monta\u00f1a<\/h3>\n<p>[\/et_pb_text][et_pb_text _builder_version=\u00bb4.22.0&#8243; _module_preset=\u00bb8b2e38c0-33f9-4c56-be56-54a8d6e8ce45&#8243; global_colors_info=\u00bb{}\u00bb]<\/p>\n<p>Fuente de humildad, fortaleza y servicio, nos motiva a afrontar desaf\u00edos con valent\u00eda, mostrando compasi\u00f3n y entrega en cada acci\u00f3n.<\/p>\n<p>[\/et_pb_text][et_pb_image src=\u00bbhttps:\/\/centrosanrafaelandujar.com\/wp-content\/uploads\/2024\/06\/13-S.-JOSE-.jpeg\u00bb _builder_version=\u00bb4.23.1&#8243; _module_preset=\u00bbdefault\u00bb title_text=\u00bb13 S. JOSE\u00bb hover_enabled=\u00bb0&#8243; sticky_enabled=\u00bb0&#8243;][\/et_pb_image][\/et_pb_column][et_pb_column type=\u00bb1_3&#8243; _builder_version=\u00bb4.22.0&#8243; _module_preset=\u00bbdefault\u00bb background_color=\u00bbgcid-34807b40-f97e-428a-90f8-6d5ad2ecd8cd\u00bb custom_padding=\u00bb30px|30px|30px|30px|true|true\u00bb custom_padding_tablet=\u00bb30px|30px|30px|30px|true|true\u00bb custom_padding_phone=\u00bb20px|20px|20px|20px|true|true\u00bb custom_padding_last_edited=\u00bbon|tablet\u00bb border_radii=\u00bbon|20px|20px|20px|20px\u00bb global_colors_info=\u00bb{%22gcid-34807b40-f97e-428a-90f8-6d5ad2ecd8cd%22:%91%22background_color%22%93}\u00bb][et_pb_text _builder_version=\u00bb4.22.0&#8243; _module_preset=\u00bb4737c763-1a08-4fe6-8075-edb99a0e0ce0&#8243; custom_margin=\u00bb||10px||false|false\u00bb global_colors_info=\u00bb{}\u00bb]<\/p>\n<h3>Virgen de Los Desamparados<\/h3>\n<p>[\/et_pb_text][et_pb_text _builder_version=\u00bb4.22.0&#8243; _module_preset=\u00bb8b2e38c0-33f9-4c56-be56-54a8d6e8ce45&#8243; global_colors_info=\u00bb{}\u00bb]<\/p>\n<p>Su delicadeza y ternura son el ejemplo de c\u00f3mo acoger y cuidar a los desamparados, infundiendo en nuestra labor educativa una visi\u00f3n compasiva y amorosa hacia los m\u00e1s necesitados.<\/p>\n<p>[\/et_pb_text][et_pb_image src=\u00bbhttps:\/\/centrosanrafaelandujar.com\/wp-content\/uploads\/2024\/06\/11-V.-DESAMPARADOS-1.jpeg\u00bb _builder_version=\u00bb4.23.1&#8243; _module_preset=\u00bbdefault\u00bb title_text=\u00bb11 V. DESAMPARADOS 1&#8243; hover_enabled=\u00bb0&#8243; sticky_enabled=\u00bb0&#8243;][\/et_pb_image][\/et_pb_column][\/et_pb_row][\/et_pb_section][et_pb_section fb_built=\u00bb1&#8243; admin_label=\u00bbFooter CTA\u00bb _builder_version=\u00bb4.22.0&#8243; _module_preset=\u00bbdefault\u00bb custom_padding=\u00bb||0px||false|false\u00bb bottom_divider_style=\u00bbcurve\u00bb bottom_divider_color=\u00bbgcid-177a5697-02fd-46ba-bfa9-5a099a3378ae\u00bb bottom_divider_flip=\u00bbvertical\u00bb locked=\u00bboff\u00bb collapsed=\u00bbon\u00bb global_colors_info=\u00bb{%22gcid-177a5697-02fd-46ba-bfa9-5a099a3378ae%22:%91%22bottom_divider_color%22%93}\u00bb][et_pb_row custom_padding_last_edited=\u00bbon|tablet\u00bb _builder_version=\u00bb4.22.0&#8243; _module_preset=\u00bbdefault\u00bb background_color=\u00bbgcid-46e54cc2-2550-449e-a151-e85c3a835795&#8243; custom_padding=\u00bb60px|60px|60px|60px|true|true\u00bb custom_padding_tablet=\u00bb|30px||30px|true|true\u00bb custom_padding_phone=\u00bb30px|20px|30px|20px|true|true\u00bb border_radii=\u00bbon|20px|20px|20px|20px\u00bb global_colors_info=\u00bb{%22gcid-46e54cc2-2550-449e-a151-e85c3a835795%22:%91%22background_color%22%93}\u00bb][et_pb_column type=\u00bb4_4&#8243; _builder_version=\u00bb4.22.0&#8243; _module_preset=\u00bbdefault\u00bb global_colors_info=\u00bb{}\u00bb][et_pb_text _builder_version=\u00bb4.22.0&#8243; _module_preset=\u00bb79e4f485-3a48-447c-b761-41bb7df989cc\u00bb text_orientation=\u00bbcenter\u00bb max_width=\u00bb700px\u00bb module_alignment=\u00bbcenter\u00bb global_colors_info=\u00bb{}\u00bb]<\/p>\n<h3>Estamos aqu\u00ed para atender tus preguntas, inquietudes y para ofrecerte m\u00e1s informaci\u00f3n.<\/h3>\n<p>[\/et_pb_text][et_pb_button button_text=\u00bbContacto\u00bb button_alignment=\u00bbcenter\u00bb _builder_version=\u00bb4.23.1&#8243; _module_preset=\u00bbc6075ed6-ed75-4136-96b9-e0c92ddf38df\u00bb global_colors_info=\u00bb{}\u00bb][\/et_pb_button][\/et_pb_column][\/et_pb_row][\/et_pb_section]<\/p>","protected":false},"excerpt":{"rendered":"<p>Nuestra congregaci\u00f3nSan Rafael es parte activa de la Congregaci\u00f3n de Madres de Desamparados y San Jos\u00e9 de la Monta\u00f1a, una comunidad comprometida con la protecci\u00f3n y la educaci\u00f3n de aquellos que m\u00e1s lo necesitan. Inspirados por la visi\u00f3n de Madre Petra, \u00abque no se pierda ninguno de estos peque\u00f1os\u00bb (Mt.18, 14), seguimos su legado de [&hellip;]<\/p>","protected":false},"author":1,"featured_media":0,"parent":0,"menu_order":0,"comment_status":"closed","ping_status":"closed","template":"","meta":{"_et_pb_use_builder":"on","_et_pb_old_content":"","_et_gb_content_width":"","om_disable_all_campaigns":false,"_monsterinsights_skip_tracking":false,"_monsterinsights_sitenote_active":false,"_monsterinsights_sitenote_note":"","_monsterinsights_sitenote_category":0,"_uf_show_specific_survey":0,"_uf_disable_surveys":false,"footnotes":""},"class_list":["post-41","page","type-page","status-publish","hentry"],"yoast_head":"<!-- This site is optimized with the Yoast SEO plugin v21.5 - https:\/\/yoast.com\/wordpress\/plugins\/seo\/ -->\n<title>Congregaci\u00f3n - HOGAR NI\u00d1AS DE S. RAFAEL Y S. JOS\u00c9 DE LA MONTA\u00d1A<\/title>\n<meta name=\"robots\" content=\"index, follow, max-snippet:-1, max-image-preview:large, max-video-preview:-1\" \/>\n<link rel=\"canonical\" href=\"https:\/\/centrosanrafaelandujar.com\/en\/congregacion\/\" \/>\n<meta property=\"og:locale\" content=\"en_GB\" \/>\n<meta property=\"og:type\" content=\"article\" \/>\n<meta property=\"og:title\" content=\"Congregaci\u00f3n - HOGAR NI\u00d1AS DE S. RAFAEL Y S. JOS\u00c9 DE LA MONTA\u00d1A\" \/>\n<meta property=\"og:description\" content=\"Nuestra congregaci\u00f3nSan Rafael es parte activa de la Congregaci\u00f3n de Madres de Desamparados y San Jos\u00e9 de la Monta\u00f1a, una comunidad comprometida con la protecci\u00f3n y la educaci\u00f3n de aquellos que m\u00e1s lo necesitan. Inspirados por la visi\u00f3n de Madre Petra, &quot;que no se pierda ninguno de estos peque\u00f1os&quot; (Mt.18, 14), seguimos su legado de [&hellip;]\" \/>\n<meta property=\"og:url\" content=\"https:\/\/centrosanrafaelandujar.com\/en\/congregacion\/\" \/>\n<meta property=\"og:site_name\" content=\"HOGAR NI\u00d1AS DE S. RAFAEL Y S. JOS\u00c9 DE LA MONTA\u00d1A\" \/>\n<meta property=\"article:modified_time\" content=\"2024-06-13T11:06:45+00:00\" \/>\n<meta name=\"twitter:card\" content=\"summary_large_image\" \/>\n<meta name=\"twitter:label1\" content=\"Estimated reading time\" \/>\n\t<meta name=\"twitter:data1\" content=\"6 minutes\" \/>\n<script type=\"application\/ld+json\" class=\"yoast-schema-graph\">{\"@context\":\"https:\/\/schema.org\",\"@graph\":[{\"@type\":\"WebPage\",\"@id\":\"https:\/\/centrosanrafaelandujar.com\/congregacion\/\",\"url\":\"https:\/\/centrosanrafaelandujar.com\/congregacion\/\",\"name\":\"Congregaci\u00f3n - HOGAR NI\u00d1AS DE S. RAFAEL Y S. JOS\u00c9 DE LA MONTA\u00d1A\",\"isPartOf\":{\"@id\":\"https:\/\/centrosanrafaelandujar.com\/#website\"},\"datePublished\":\"2023-11-13T10:23:06+00:00\",\"dateModified\":\"2024-06-13T11:06:45+00:00\",\"breadcrumb\":{\"@id\":\"https:\/\/centrosanrafaelandujar.com\/congregacion\/#breadcrumb\"},\"inLanguage\":\"en-GB\",\"potentialAction\":[{\"@type\":\"ReadAction\",\"target\":[\"https:\/\/centrosanrafaelandujar.com\/congregacion\/\"]}]},{\"@type\":\"BreadcrumbList\",\"@id\":\"https:\/\/centrosanrafaelandujar.com\/congregacion\/#breadcrumb\",\"itemListElement\":[{\"@type\":\"ListItem\",\"position\":1,\"name\":\"Portada\",\"item\":\"https:\/\/centrosanrafaelandujar.com\/\"},{\"@type\":\"ListItem\",\"position\":2,\"name\":\"Congregaci\u00f3n\"}]},{\"@type\":\"WebSite\",\"@id\":\"https:\/\/centrosanrafaelandujar.com\/#website\",\"url\":\"https:\/\/centrosanrafaelandujar.com\/\",\"name\":\"HOGAR NI\u00d1AS DE S. RAFAEL Y S. JOS\u00c9 DE LA MONTA\u00d1A\",\"description\":\"\",\"potentialAction\":[{\"@type\":\"SearchAction\",\"target\":{\"@type\":\"EntryPoint\",\"urlTemplate\":\"https:\/\/centrosanrafaelandujar.com\/?s={search_term_string}\"},\"query-input\":\"required name=search_term_string\"}],\"inLanguage\":\"en-GB\"}]}<\/script>\n<!-- \/ Yoast SEO plugin. -->","yoast_head_json":{"title":"Congregaci\u00f3n - HOGAR NI\u00d1AS DE S. RAFAEL Y S. JOS\u00c9 DE LA MONTA\u00d1A","robots":{"index":"index","follow":"follow","max-snippet":"max-snippet:-1","max-image-preview":"max-image-preview:large","max-video-preview":"max-video-preview:-1"},"canonical":"https:\/\/centrosanrafaelandujar.com\/en\/congregacion\/","og_locale":"en_GB","og_type":"article","og_title":"Congregaci\u00f3n - HOGAR NI\u00d1AS DE S. RAFAEL Y S. JOS\u00c9 DE LA MONTA\u00d1A","og_description":"Nuestra congregaci\u00f3nSan Rafael es parte activa de la Congregaci\u00f3n de Madres de Desamparados y San Jos\u00e9 de la Monta\u00f1a, una comunidad comprometida con la protecci\u00f3n y la educaci\u00f3n de aquellos que m\u00e1s lo necesitan. Inspirados por la visi\u00f3n de Madre Petra, \"que no se pierda ninguno de estos peque\u00f1os\" (Mt.18, 14), seguimos su legado de [&hellip;]","og_url":"https:\/\/centrosanrafaelandujar.com\/en\/congregacion\/","og_site_name":"HOGAR NI\u00d1AS DE S. RAFAEL Y S. JOS\u00c9 DE LA MONTA\u00d1A","article_modified_time":"2024-06-13T11:06:45+00:00","twitter_card":"summary_large_image","twitter_misc":{"Estimated reading time":"6 minutes"},"schema":{"@context":"https:\/\/schema.org","@graph":[{"@type":"WebPage","@id":"https:\/\/centrosanrafaelandujar.com\/congregacion\/","url":"https:\/\/centrosanrafaelandujar.com\/congregacion\/","name":"Congregaci\u00f3n - HOGAR NI\u00d1AS DE S. RAFAEL Y S. JOS\u00c9 DE LA MONTA\u00d1A","isPartOf":{"@id":"https:\/\/centrosanrafaelandujar.com\/#website"},"datePublished":"2023-11-13T10:23:06+00:00","dateModified":"2024-06-13T11:06:45+00:00","breadcrumb":{"@id":"https:\/\/centrosanrafaelandujar.com\/congregacion\/#breadcrumb"},"inLanguage":"en-GB","potentialAction":[{"@type":"ReadAction","target":["https:\/\/centrosanrafaelandujar.com\/congregacion\/"]}]},{"@type":"BreadcrumbList","@id":"https:\/\/centrosanrafaelandujar.com\/congregacion\/#breadcrumb","itemListElement":[{"@type":"ListItem","position":1,"name":"Portada","item":"https:\/\/centrosanrafaelandujar.com\/"},{"@type":"ListItem","position":2,"name":"Congregaci\u00f3n"}]},{"@type":"WebSite","@id":"https:\/\/centrosanrafaelandujar.com\/#website","url":"https:\/\/centrosanrafaelandujar.com\/","name":"HOGAR NI\u00d1AS DE S. RAFAEL Y S. JOS\u00c9 DE LA MONTA\u00d1A","description":"","potentialAction":[{"@type":"SearchAction","target":{"@type":"EntryPoint","urlTemplate":"https:\/\/centrosanrafaelandujar.com\/?s={search_term_string}"},"query-input":"required name=search_term_string"}],"inLanguage":"en-GB"}]}},"_links":{"self":[{"href":"https:\/\/centrosanrafaelandujar.com\/en\/wp-json\/wp\/v2\/pages\/41","targetHints":{"allow":["GET"]}}],"collection":[{"href":"https:\/\/centrosanrafaelandujar.com\/en\/wp-json\/wp\/v2\/pages"}],"about":[{"href":"https:\/\/centrosanrafaelandujar.com\/en\/wp-json\/wp\/v2\/types\/page"}],"author":[{"embeddable":true,"href":"https:\/\/centrosanrafaelandujar.com\/en\/wp-json\/wp\/v2\/users\/1"}],"replies":[{"embeddable":true,"href":"https:\/\/centrosanrafaelandujar.com\/en\/wp-json\/wp\/v2\/comments?post=41"}],"version-history":[{"count":6,"href":"https:\/\/centrosanrafaelandujar.com\/en\/wp-json\/wp\/v2\/pages\/41\/revisions"}],"predecessor-version":[{"id":194,"href":"https:\/\/centrosanrafaelandujar.com\/en\/wp-json\/wp\/v2\/pages\/41\/revisions\/194"}],"wp:attachment":[{"href":"https:\/\/centrosanrafaelandujar.com\/en\/wp-json\/wp\/v2\/media?parent=41"}],"curies":[{"name":"wp","href":"https:\/\/api.w.org\/{rel}","templated":true}]}}